{"id":4451,"date":"2025-03-17T12:56:30","date_gmt":"2025-03-17T18:56:30","guid":{"rendered":"https:\/\/cosmicwisdomco.com\/?post_type=product&#038;p=4451"},"modified":"2025-10-25T11:59:17","modified_gmt":"2025-10-25T17:59:17","slug":"recetas-holisticas-6-6","status":"publish","type":"product","link":"https:\/\/camilaholisticwellness.com\/en\/product\/recetas-holisticas-6-6\/","title":{"rendered":"Recetas Hol\u00edsticas 6\/6"},"content":{"rendered":"<p data-start=\"57\" data-end=\"335\">Este recetario est\u00e1 dise\u00f1ado para nutrir tu cuerpo, mente y alma a trav\u00e9s de recetas simples, equilibradas y llenas de vida. Cada plato se compone de solo 6 ingredientes esenciales, seleccionados por su valor nutricional y su capacidad de aportar energ\u00eda, bienestar y armon\u00eda.<\/p>\n<p data-start=\"337\" data-end=\"514\" data-is-last-node=\"\" data-is-only-node=\"\">Aqu\u00ed encontrar\u00e1s opciones f\u00e1ciles, deliciosas y alineadas con un estilo de vida consciente, demostrando que la simplicidad es clave para una alimentaci\u00f3n hol\u00edstica y sostenible.<\/p>","protected":false},"excerpt":{"rendered":"<p class=\"kt-adv-heading3962_5b3b1e-b9 wp-block-kadence-advancedheading\" data-kb-block=\"kb-adv-heading3962_5b3b1e-b9\">La nutrici\u00f3n hol\u00edstica trasciende el acto de comer, buscando nutrir cuerpo, mente y esp\u00edritu. Estas recetas, creadas bajo este enfoque, fortalecen el sistema inmunol\u00f3gico, mejoran la digesti\u00f3n, reducen el estr\u00e9s y potencian tu energ\u00eda vital.<\/p>\n<div class=\"wp-block-getwid-section getwid-init\">\n<div class=\"wp-block-getwid-section__wrapper getwid-padding-right-none getwid-padding-tablet-left-none\">\n<div class=\"wp-block-getwid-section__inner-wrapper\">\n<div class=\"wp-block-getwid-section__background-holder\">\n<div class=\"wp-block-getwid-section__background\"><\/div>\n<div class=\"wp-block-getwid-section__foreground\"><\/div>\n<\/div>\n<div class=\"wp-block-getwid-section__content\">\n<div class=\"wp-block-getwid-section__inner-content\">\n<div class=\"wp-block-buttons alignfull is-content-justification-space-between is-layout-flex wp-container-core-buttons-is-layout-2 wp-block-buttons-is-layout-flex\"><\/div>\n<\/div>\n<\/div>\n<\/div>\n<\/div>\n<\/div>","protected":false},"featured_media":15,"comment_status":"open","ping_status":"closed","template":"","meta":{"inline_featured_image":false},"product_brand":[],"product_cat":[30],"product_tag":[],"class_list":{"0":"post-4451","1":"product","2":"type-product","3":"status-publish","4":"has-post-thumbnail","6":"product_cat-sin-categorizar","8":"first","9":"instock","10":"downloadable","11":"virtual","12":"purchasable","13":"product-type-simple"},"_links":{"self":[{"href":"https:\/\/camilaholisticwellness.com\/en\/wp-json\/wp\/v2\/product\/4451","targetHints":{"allow":["GET"]}}],"collection":[{"href":"https:\/\/camilaholisticwellness.com\/en\/wp-json\/wp\/v2\/product"}],"about":[{"href":"https:\/\/camilaholisticwellness.com\/en\/wp-json\/wp\/v2\/types\/product"}],"replies":[{"embeddable":true,"href":"https:\/\/camilaholisticwellness.com\/en\/wp-json\/wp\/v2\/comments?post=4451"}],"wp:featuredmedia":[{"embeddable":true,"href":"https:\/\/camilaholisticwellness.com\/en\/wp-json\/wp\/v2\/media\/15"}],"wp:attachment":[{"href":"https:\/\/camilaholisticwellness.com\/en\/wp-json\/wp\/v2\/media?parent=4451"}],"wp:term":[{"taxonomy":"product_brand","embeddable":true,"href":"https:\/\/camilaholisticwellness.com\/en\/wp-json\/wp\/v2\/product_brand?post=4451"},{"taxonomy":"product_cat","embeddable":true,"href":"https:\/\/camilaholisticwellness.com\/en\/wp-json\/wp\/v2\/product_cat?post=4451"},{"taxonomy":"product_tag","embeddable":true,"href":"https:\/\/camilaholisticwellness.com\/en\/wp-json\/wp\/v2\/product_tag?post=4451"}],"curies":[{"name":"wp","href":"https:\/\/api.w.org\/{rel}","templated":true}]}}