{"id":4352,"date":"2024-12-04T22:14:42","date_gmt":"2024-12-05T04:14:42","guid":{"rendered":"https:\/\/cosmicwisdomco.com\/?post_type=product&#038;p=4352"},"modified":"2024-12-04T22:21:12","modified_gmt":"2024-12-05T04:21:12","slug":"kit-del-75-hard-challenge-con-una-perspectiva-holistica-en-pdf-espanol","status":"publish","type":"product","link":"https:\/\/camilaholisticwellness.com\/en\/product\/kit-del-75-hard-challenge-con-una-perspectiva-holistica-en-pdf-espanol\/","title":{"rendered":"KIT DEL 75 HARD CHALLENGE CON UNA PERSPECTIVA HOL\u00cdSTICA EN PDF &#8211; ESPA\u00d1OL"},"content":{"rendered":"<div class=\"flex-1 overflow-hidden\">\n<div class=\"h-full\">\n<div class=\"react-scroll-to-bottom--css-pylfc-79elbk h-full\">\n<div class=\"react-scroll-to-bottom--css-pylfc-1n7m0yu\">\n<div class=\"flex flex-col text-sm md:pb-9\">\n<article class=\"w-full scroll-mb-[var(--thread-trailing-height,150px)] text-token-text-primary focus-visible:outline-2 focus-visible:outline-offset-[-4px]\" dir=\"auto\" data-testid=\"conversation-turn-7\" data-scroll-anchor=\"true\">\n<div class=\"m-auto text-base py-[18px] px-3 md:px-4 w-full md:px-5 lg:px-4 xl:px-5\">\n<div class=\"mx-auto flex flex-1 gap-4 text-base md:gap-5 lg:gap-6 md:max-w-3xl lg:max-w-[40rem] xl:max-w-[48rem]\">\n<div class=\"group\/conversation-turn relative flex w-full min-w-0 flex-col agent-turn\">\n<div class=\"flex-col gap-1 md:gap-3\">\n<div class=\"flex max-w-full flex-col flex-grow\">\n<div class=\"min-h-8 text-message flex w-full flex-col items-end gap-2 whitespace-normal break-words text-start [.text-message+&amp;]:mt-5\" dir=\"auto\" data-message-author-role=\"assistant\" data-message-id=\"56f71b15-55e7-47c6-8cc9-2b35b2b3c288\" data-message-model-slug=\"gpt-4o\">\n<div class=\"flex w-full flex-col gap-1 empty:hidden first:pt-[3px]\">\n<div class=\"markdown prose w-full break-words dark:prose-invert dark\">\n<p><strong>Kit Hol\u00edstico en PDF del 75 Hard Challenge<\/strong> \ud83c\udf3f\u2728<\/p>\n<p>Descubre una forma transformadora de realizar el <strong>75 Hard Challenge<\/strong> con el <strong>Kit Hol\u00edstico en PDF del 75 Hard Challenge<\/strong>. Dise\u00f1ado para acompa\u00f1arte en este reto con un enfoque integral que nutre tu cuerpo, mente y esp\u00edritu, este kit va m\u00e1s all\u00e1 de cumplir las tareas: se trata de vivir la experiencia de forma consciente y alineada con tu mejor versi\u00f3n.<\/p>\n<h3>\u00bfQu\u00e9 incluye?<\/h3>\n<p>\u2714 <strong>Weekly Sheets<\/strong> para ayudarte a mantenerte organizado y enfocado durante los 75 d\u00edas.<br \/>\n\u2714 <strong>7 preguntas de reflexi\u00f3n inicial<\/strong>: Establece tus intenciones y visualiza tus metas antes de comenzar el desaf\u00edo.<br \/>\n\u2714 <strong>7 preguntas de reflexi\u00f3n final<\/strong>: Eval\u00faa tu crecimiento personal y celebra tus logros al completar el reto.<br \/>\n\u2714 <strong>Gu\u00eda de recetas hol\u00edsticas<\/strong>: Una introducci\u00f3n a la nutrici\u00f3n hol\u00edstica, acompa\u00f1ada de 7 recetas conscientes y deliciosas para desayuno, almuerzo, cena y snacks.<br \/>\n\u2714 <strong>75 afirmaciones diarias<\/strong> para mantenerte inspirado y alineado con tus objetivos cada d\u00eda.<br \/>\n\u2714 <strong>Tracker de 75 d\u00edas<\/strong>: Registra tu progreso, mant\u00e9n la motivaci\u00f3n y celebra cada paso del camino.<br \/>\n\u2714 <strong>Lista de supermercado completa<\/strong> para que te prepares de manera eficiente e intencionada.<\/p>\n<p>Este kit en formato PDF est\u00e1 dise\u00f1ado para que lo descargues e imprimas cuando lo necesites, ofreci\u00e9ndote todas las herramientas necesarias para abordar el <strong>75 Hard Challenge<\/strong> desde una perspectiva hol\u00edstica. Es ideal para quienes desean priorizar su bienestar integral mientras construyen h\u00e1bitos sostenibles que realmente transformen su vida. \ud83c\udf1f<\/p>\n<p>\u00bfEst\u00e1s listo para elevar tu compromiso y abordar este desaf\u00edo con coraz\u00f3n y prop\u00f3sito? \u2764\ufe0f<\/p>\n<\/div>\n<\/div>\n<\/div>\n<\/div>\n<div class=\"mb-2 flex gap-3 empty:hidden -ml-2\">\n<div class=\"items-center justify-start rounded-xl p-1 flex\">\n<div class=\"flex items-center\">\n<p>&nbsp;<\/p>\n<div class=\"flex items-center pb-0\"><\/div>\n<\/div>\n<\/div>\n<\/div>\n<div class=\"pr-2 lg:pr-0\"><\/div>\n<div class=\"mt-3 w-full empty:hidden\">\n<div class=\"text-center\"><\/div>\n<\/div>\n<\/div>\n<div class=\"absolute\">\n<div class=\"flex items-center justify-center\"><\/div>\n<\/div>\n<\/div>\n<\/div>\n<\/div>\n<\/article>\n<\/div>\n<\/div>\n<\/div>\n<\/div>\n<\/div>\n<div class=\"md:pt-0 dark:border-white\/20 md:border-transparent md:dark:border-transparent w-full\">\n<div>\n<div class=\"m-auto text-base px-3 md:px-4 w-full md:px-5 lg:px-4 xl:px-5\">\n<div class=\"mx-auto flex flex-1 gap-4 text-base md:gap-5 lg:gap-6 md:max-w-3xl lg:max-w-[40rem] xl:max-w-[48rem]\">\n<div class=\"flex justify-center\"><\/div>\n<form class=\"w-full\" aria-haspopup=\"dialog\" aria-expanded=\"false\" aria-controls=\"radix-:rfb:\" data-state=\"closed\">\n<div class=\"relative flex h-full max-w-full flex-1 flex-col\">\n<div class=\"absolute bottom-full left-0 right-0 z-20\"><\/div>\n<div class=\"absolute bottom-full my-3 z-20\"><\/div>\n<div class=\"group relative flex w-full items-center\">\n<div id=\"composer-background\" class=\"flex w-full cursor-text flex-col rounded-3xl px-2.5 py-1 transition-colors contain-inline-size bg-[#f4f4f4] dark:bg-token-main-surface-secondary\">\n<div class=\"flex min-h-[44px] items-center px-2\">\n<div class=\"max-w-full flex-1\">\n<div class=\"_prosemirror-parent_15ceg_1 text-token-text-primary max-h-[25dvh] max-h-52 overflow-auto default-browser\">\n<p><textarea class=\"block h-10 w-full resize-none border-0 bg-transparent px-0 py-2 text-token-text-primary placeholder:text-token-text-secondary\" placeholder=\"Env\u00eda un mensaje a ChatGPT\"><\/textarea><script>window.__oai_logHTML?window.__oai_logHTML():window.__oai_SSR_HTML=window.__oai_SSR_HTML||Date.now();requestAnimationFrame((function(){window.__oai_logTTI?window.__oai_logTTI():window.__oai_SSR_TTI=window.__oai_SSR_TTI||Date.now()}))<\/script><\/p>\n<div id=\"prompt-textarea\" class=\"ProseMirror\" contenteditable=\"true\" spellcheck=\"false\" translate=\"no\"><\/div>\n<\/div>\n<\/div>\n<\/div>\n<div class=\"flex h-[44px] items-center justify-between\">\n<div class=\"flex gap-x-1\">\n<div class=\"relative\">\n<div class=\"relative\">\n<div class=\"flex flex-col\">\n<p><input class=\"hidden\" tabindex=\"-1\" multiple=\"multiple\" type=\"file\" \/><button id=\"radix-:rfc:\" class=\"text-token-text-primary border border-transparent inline-flex items-center justify-center gap-1 rounded-lg text-sm dark:transparent dark:bg-transparent leading-none outline-none cursor-pointer hover:bg-token-main-surface-secondary dark:hover:bg-token-main-surface-secondary focus-visible:bg-token-main-surface-secondary radix-state-active:text-token-text-secondary radix-disabled:cursor-auto radix-disabled:bg-transparent radix-disabled:text-token-text-tertiary dark:radix-disabled:bg-transparent m-0 h-0 w-0 border-none bg-transparent p-0\" type=\"button\" aria-haspopup=\"menu\" aria-expanded=\"false\" data-state=\"closed\"><\/button><button class=\"flex items-center justify-center h-8 w-8 rounded-lg rounded-bl-xl text-token-text-primary dark:text-white focus-visible:outline-black dark:focus-visible:outline-white hover:bg-black\/10\" aria-disabled=\"false\" aria-label=\"Adjuntar archivos\"><\/button><\/p>\n<div aria-haspopup=\"dialog\" aria-expanded=\"false\" aria-controls=\"radix-:rff:\" data-state=\"closed\"><\/div>\n<\/div>\n<\/div>\n<\/div>\n<\/div>\n<div class=\"min-w-8\">\n<div class=\"relative h-8 w-8\">\n<div class=\"flex h-full w-full items-center justify-center rounded-full\">\n<div class=\"relative h-full w-full\">\n<div class=\"absolute inset-0 flex items-center justify-center\"><\/div>\n<\/div>\n<\/div>\n<\/div>\n<\/div>\n<\/div>\n<\/div>\n<\/div>\n<\/div>\n<\/form>\n<\/div>\n<\/div>\n<div class=\"relative w-full px-2 py-2 text-center text-xs text-token-text-secondary empty:hidden md:px-[60px]\">\n<div class=\"min-h-4\">\n<div><\/div>\n<\/div>\n<\/div>\n<\/div>\n<\/div>\n","protected":false},"excerpt":{"rendered":"<p>Kit Hol\u00edstico en PDF del 75 Hard Challenge \ud83c\udf3f\u2728 Descubre una forma transformadora de realizar el 75 Hard Challenge con el Kit Hol\u00edstico en PDF del 75 Hard Challenge. Dise\u00f1ado para acompa\u00f1arte en este reto con un enfoque integral que nutre tu cuerpo, mente y esp\u00edritu, este kit va m\u00e1s all\u00e1 de cumplir las tareas: [&hellip;]<\/p>\n","protected":false},"featured_media":4354,"comment_status":"open","ping_status":"closed","template":"","meta":{"inline_featured_image":false},"product_brand":[],"product_cat":[30],"product_tag":[],"class_list":{"0":"post-4352","1":"product","2":"type-product","3":"status-publish","4":"has-post-thumbnail","6":"product_cat-sin-categorizar","8":"first","9":"instock","10":"taxable","11":"shipping-taxable","12":"purchasable","13":"product-type-simple"},"_links":{"self":[{"href":"https:\/\/camilaholisticwellness.com\/en\/wp-json\/wp\/v2\/product\/4352","targetHints":{"allow":["GET"]}}],"collection":[{"href":"https:\/\/camilaholisticwellness.com\/en\/wp-json\/wp\/v2\/product"}],"about":[{"href":"https:\/\/camilaholisticwellness.com\/en\/wp-json\/wp\/v2\/types\/product"}],"replies":[{"embeddable":true,"href":"https:\/\/camilaholisticwellness.com\/en\/wp-json\/wp\/v2\/comments?post=4352"}],"wp:featuredmedia":[{"embeddable":true,"href":"https:\/\/camilaholisticwellness.com\/en\/wp-json\/wp\/v2\/media\/4354"}],"wp:attachment":[{"href":"https:\/\/camilaholisticwellness.com\/en\/wp-json\/wp\/v2\/media?parent=4352"}],"wp:term":[{"taxonomy":"product_brand","embeddable":true,"href":"https:\/\/camilaholisticwellness.com\/en\/wp-json\/wp\/v2\/product_brand?post=4352"},{"taxonomy":"product_cat","embeddable":true,"href":"https:\/\/camilaholisticwellness.com\/en\/wp-json\/wp\/v2\/product_cat?post=4352"},{"taxonomy":"product_tag","embeddable":true,"href":"https:\/\/camilaholisticwellness.com\/en\/wp-json\/wp\/v2\/product_tag?post=4352"}],"curies":[{"name":"wp","href":"https:\/\/api.w.org\/{rel}","templated":true}]}}