{"id":4338,"date":"2024-12-04T19:13:49","date_gmt":"2024-12-05T01:13:49","guid":{"rendered":"https:\/\/cosmicwisdomco.com\/?post_type=product&#038;p=4338"},"modified":"2025-04-01T09:36:46","modified_gmt":"2025-04-01T15:36:46","slug":"paquete-de-nutricion-holistica-personalizada-6-sesiones","status":"publish","type":"product","link":"https:\/\/camilaholisticwellness.com\/en\/product\/paquete-de-nutricion-holistica-personalizada-6-sesiones\/","title":{"rendered":"PAQUETE DE NUTRICI\u00d3N HOL\u00cdSTICA PERSONALIZADA + LIFE COACHING &#8211; 6 SESIONES"},"content":{"rendered":"<p>Si llegaste hasta aqu\u00ed, es porque ya hemos tenido nuestra llamada de conexi\u00f3n gratuita, donde pude conocer m\u00e1s sobre ti, tus necesidades y c\u00f3mo podemos trabajar juntos. Despu\u00e9s de nuestra conversaci\u00f3n, te he enviado los temas semanales que abordaremos en el programa. Cada plan est\u00e1 <strong data-start=\"356\" data-end=\"445\">personalizado y dise\u00f1ado espec\u00edficamente en base a lo que hablamos en nuestra llamada<\/strong>, para asegurarnos de que trabajemos en lo que m\u00e1s te beneficia.<\/p>\n<h3 class=\"\" data-start=\"322\" data-end=\"365\"><strong data-start=\"326\" data-end=\"363\">\u00bfEn qu\u00e9 consisten estas sesiones?<\/strong><\/h3>\n<p class=\"\" data-start=\"367\" data-end=\"464\">Este paquete incluye <strong data-start=\"390\" data-end=\"403\">6 semanas<\/strong>, con <strong data-start=\"409\" data-end=\"432\">1 sesi\u00f3n por semana<\/strong>, en las que combinamos dos enfoques integrales para abordar tu bienestar desde una perspectiva integral, combinando:<\/p>\n<ul>\n<li><strong data-start=\"469\" data-end=\"507\">Nutrici\u00f3n Hol\u00edstica Personalizada:<\/strong><br data-start=\"507\" data-end=\"510\" \/>Bas\u00e1ndonos en la evaluaci\u00f3n inicial, recibir\u00e1s un plan nutricional adaptado a tus necesidades y objetivos. Exploraremos la <strong data-start=\"633\" data-end=\"666\">importancia de los nutrientes<\/strong>, la <strong data-start=\"671\" data-end=\"700\">sinergia de los alimentos<\/strong> y c\u00f3mo influyen en tu energ\u00eda, digesti\u00f3n, estado de \u00e1nimo y bienestar general. Adem\u00e1s, aprender\u00e1s a hacer elecciones alimenticias conscientes, integrando h\u00e1bitos que nutran tu cuerpo de manera sostenible y equilibrada.<\/li>\n<\/ul>\n<ul class=\"wp-block-list\">\n<li>\n<p class=\"\" data-start=\"923\" data-end=\"1385\"><strong data-start=\"926\" data-end=\"954\">Life Coaching Hol\u00edstico:<\/strong><br data-start=\"954\" data-end=\"957\" \/>En esta parte de la sesi\u00f3n, profundizaremos en aspectos m\u00e1s all\u00e1 de la alimentaci\u00f3n. Trabajaremos en la <strong data-start=\"1061\" data-end=\"1103\">transformaci\u00f3n de creencias limitantes<\/strong>, el desarrollo de una mentalidad expansiva y estrategias para abordar patrones que ya no te sirven. Tambi\u00e9n exploraremos tu conexi\u00f3n con la <strong data-start=\"1244\" data-end=\"1287\">espiritualidad y el bienestar emocional<\/strong>, ayud\u00e1ndote a gestionar el estr\u00e9s y a construir h\u00e1bitos alineados con la vida que deseas crear.<\/p>\n<p class=\"\" data-start=\"1387\" data-end=\"1596\">Este enfoque no se trata solo de cambiar lo que comes, sino de transformar tu relaci\u00f3n contigo mismo, con la comida y con tu bienestar en general. <strong data-start=\"1534\" data-end=\"1592\">Es un camino de equilibrio, consciencia y crecimiento.<\/strong> \u2728<\/p>\n<\/li>\n<\/ul>\n<p class=\"kt-adv-heading3645_493e77-6e wp-block-kadence-advancedheading\" data-kb-block=\"kb-adv-heading3645_493e77-6e\"><em>Este enfoque est\u00e1 dise\u00f1ado para quienes desean algo m\u00e1s profundo que una simple dieta: un camino hacia el equilibrio, la conexi\u00f3n y la plenitud.<\/em><\/p>\n<div class=\"wp-block-getwid-advanced-heading\"><\/div>","protected":false},"excerpt":{"rendered":"<p>Si llegaste hasta aqu\u00ed, es porque ya hemos tenido nuestra llamada de conexi\u00f3n gratuita, donde pude conocer m\u00e1s sobre ti, tus necesidades y c\u00f3mo podemos trabajar juntos. Despu\u00e9s de nuestra conversaci\u00f3n, te he enviado los temas semanales que abordaremos en el programa. Cada plan est\u00e1 personalizado y dise\u00f1ado espec\u00edficamente en base a lo que hablamos [&hellip;]<\/p>\n","protected":false},"featured_media":11,"comment_status":"open","ping_status":"closed","template":"","meta":{"inline_featured_image":false},"product_brand":[],"product_cat":[30],"product_tag":[],"class_list":{"0":"post-4338","1":"product","2":"type-product","3":"status-publish","4":"has-post-thumbnail","6":"product_cat-sin-categorizar","8":"first","9":"instock","10":"taxable","11":"shipping-taxable","12":"purchasable","13":"product-type-simple"},"_links":{"self":[{"href":"https:\/\/camilaholisticwellness.com\/en\/wp-json\/wp\/v2\/product\/4338","targetHints":{"allow":["GET"]}}],"collection":[{"href":"https:\/\/camilaholisticwellness.com\/en\/wp-json\/wp\/v2\/product"}],"about":[{"href":"https:\/\/camilaholisticwellness.com\/en\/wp-json\/wp\/v2\/types\/product"}],"replies":[{"embeddable":true,"href":"https:\/\/camilaholisticwellness.com\/en\/wp-json\/wp\/v2\/comments?post=4338"}],"wp:featuredmedia":[{"embeddable":true,"href":"https:\/\/camilaholisticwellness.com\/en\/wp-json\/wp\/v2\/media\/11"}],"wp:attachment":[{"href":"https:\/\/camilaholisticwellness.com\/en\/wp-json\/wp\/v2\/media?parent=4338"}],"wp:term":[{"taxonomy":"product_brand","embeddable":true,"href":"https:\/\/camilaholisticwellness.com\/en\/wp-json\/wp\/v2\/product_brand?post=4338"},{"taxonomy":"product_cat","embeddable":true,"href":"https:\/\/camilaholisticwellness.com\/en\/wp-json\/wp\/v2\/product_cat?post=4338"},{"taxonomy":"product_tag","embeddable":true,"href":"https:\/\/camilaholisticwellness.com\/en\/wp-json\/wp\/v2\/product_tag?post=4338"}],"curies":[{"name":"wp","href":"https:\/\/api.w.org\/{rel}","templated":true}]}}