{"id":3968,"date":"2022-08-29T09:49:32","date_gmt":"2022-08-29T09:49:32","guid":{"rendered":"https:\/\/themes.getmotopress.com\/restline\/?page_id=17"},"modified":"2024-12-04T22:54:45","modified_gmt":"2024-12-05T04:54:45","slug":"perspectiva-holistica","status":"publish","type":"page","link":"https:\/\/camilaholisticwellness.com\/en\/perspectiva-holistica\/","title":{"rendered":"Perspectiva Hol\u00edstica"},"content":{"rendered":"<div class=\"wp-block-getwid-section alignfull alignfull getwid-section-content-custom-width\"><div class=\"wp-block-getwid-section__wrapper getwid-padding-left-medium getwid-padding-right-medium\"><div class=\"wp-block-getwid-section__inner-wrapper\" style=\"max-width:1140px\"><div class=\"wp-block-getwid-section__background-holder\"><div class=\"wp-block-getwid-section__background\"><\/div><div class=\"wp-block-getwid-section__foreground\"><\/div><\/div><div class=\"wp-block-getwid-section__content\"><div class=\"wp-block-getwid-section__inner-content\">\n<div class=\"wp-block-columns has-2-columns are-vertically-aligned-center is-layout-flex wp-container-core-columns-is-layout-9d6595d7 wp-block-columns-is-layout-flex\">\n<div class=\"wp-block-column is-vertically-aligned-stretch is-vertically-aligned-center is-layout-flow wp-block-column-is-layout-flow\">\n<div class=\"wp-block-getwid-advanced-heading\" style=\"margin-bottom:30px;margin-top:10px\"><h2 class=\"wp-block-getwid-advanced-heading__content\">Cuerpo &#8211; Nutrici\u00f3n<\/h2><\/div>\n\n\n\n<p><br>La nutrici\u00f3n hol\u00edstica va m\u00e1s all\u00e1 de lo f\u00edsico; es un enfoque integral que conecta la alimentaci\u00f3n con el bienestar mental, emocional y espiritual. Cada elecci\u00f3n de los alimentos tiene un impacto en nuestra salud, nuestra felicidad y nuestra relaci\u00f3n con el mundo que nos rodea.<\/p>\n\n\n\n<p>Este enfoque reconoce que la verdadera nutrici\u00f3n no solo se trata de lo que comemos, sino tambi\u00e9n de c\u00f3mo vivimos y c\u00f3mo nos conectamos con nuestro entorno. Exploramos c\u00f3mo los alimentos, el estilo de vida y el entorno est\u00e1n profundamente conectados,creando una sinergia que promueve equilibrio, energ\u00eda y longevidad.<\/p>\n\n\n\n<p>El objetivo es empoderarte para tomar decisiones conscientes que se alineen con tus necesidades y valores \u00fanicos, sin imponer restricciones estrictas. Al abordar estas capas adicionales, iniciamos un cambio transformador que impacta positivamente nuestra manera de comer, nuestro estilo de vida y nuestro bienestar integral.<\/p>\n<\/div>\n\n\n\n<div class=\"wp-block-column is-vertically-aligned-center is-layout-flow wp-block-column-is-layout-flow\">\n<figure class=\"wp-block-image size-large is-resized\"><img loading=\"lazy\" decoding=\"async\" width=\"683\" height=\"1024\" src=\"https:\/\/cosmicwisdomco.com\/wp-content\/uploads\/2024\/10\/CAMIW-20-copy-683x1024.webp\" alt=\"\" class=\"wp-image-14\" style=\"width:430px;height:auto\" srcset=\"https:\/\/camilaholisticwellness.com\/wp-content\/uploads\/2024\/10\/CAMIW-20-copy-683x1024.webp 683w, https:\/\/camilaholisticwellness.com\/wp-content\/uploads\/2024\/10\/CAMIW-20-copy-860x1290.webp 860w, https:\/\/camilaholisticwellness.com\/wp-content\/uploads\/2024\/10\/CAMIW-20-copy-200x300.webp 200w, https:\/\/camilaholisticwellness.com\/wp-content\/uploads\/2024\/10\/CAMIW-20-copy-768x1152.webp 768w, https:\/\/camilaholisticwellness.com\/wp-content\/uploads\/2024\/10\/CAMIW-20-copy-1024x1536.webp 1024w, https:\/\/camilaholisticwellness.com\/wp-content\/uploads\/2024\/10\/CAMIW-20-copy.webp 1280w\" sizes=\"auto, (max-width: 683px) 100vw, 683px\" \/><\/figure>\n<\/div>\n<\/div>\n<\/div><\/div><\/div><\/div><\/div>\n\n\n\n<div class=\"wp-block-getwid-section alignfull alignfull getwid-section-content-custom-width\"><div class=\"wp-block-getwid-section__wrapper getwid-padding-left-medium getwid-padding-right-medium\"><div class=\"wp-block-getwid-section__inner-wrapper\" style=\"max-width:1140px\"><div class=\"wp-block-getwid-section__background-holder\"><div class=\"wp-block-getwid-section__background\"><\/div><div class=\"wp-block-getwid-section__foreground\"><\/div><\/div><div class=\"wp-block-getwid-section__content\"><div class=\"wp-block-getwid-section__inner-content\">\n<div class=\"wp-block-columns has-2-columns are-vertically-aligned-center is-layout-flex wp-container-core-columns-is-layout-9d6595d7 wp-block-columns-is-layout-flex\">\n<div class=\"wp-block-column is-vertically-aligned-center is-layout-flow wp-block-column-is-layout-flow\">\n<figure class=\"wp-block-image size-large\"><img loading=\"lazy\" decoding=\"async\" width=\"1919\" height=\"2560\" src=\"https:\/\/cosmicwisdomco.com\/wp-content\/uploads\/2024\/11\/CAMIW-76-edited-scaled.jpg\" alt=\"\" class=\"wp-image-4303\" srcset=\"https:\/\/camilaholisticwellness.com\/wp-content\/uploads\/2024\/11\/CAMIW-76-edited-scaled.jpg 1919w, https:\/\/camilaholisticwellness.com\/wp-content\/uploads\/2024\/11\/CAMIW-76-edited-225x300.jpg 225w, https:\/\/camilaholisticwellness.com\/wp-content\/uploads\/2024\/11\/CAMIW-76-edited-768x1024.jpg 768w, https:\/\/camilaholisticwellness.com\/wp-content\/uploads\/2024\/11\/CAMIW-76-edited-1151x1536.jpg 1151w, https:\/\/camilaholisticwellness.com\/wp-content\/uploads\/2024\/11\/CAMIW-76-edited-1535x2048.jpg 1535w, https:\/\/camilaholisticwellness.com\/wp-content\/uploads\/2024\/11\/CAMIW-76-edited-1920x2561.jpg 1920w, https:\/\/camilaholisticwellness.com\/wp-content\/uploads\/2024\/11\/CAMIW-76-edited-860x1147.jpg 860w\" sizes=\"auto, (max-width: 1919px) 100vw, 1919px\" \/><\/figure>\n<\/div>\n\n\n\n<div class=\"wp-block-column is-vertically-aligned-stretch is-vertically-aligned-center is-layout-flow wp-block-column-is-layout-flow\">\n<div class=\"wp-block-getwid-section\"><div class=\"wp-block-getwid-section__wrapper getwid-padding-top-none getwid-padding-bottom-none getwid-padding-left-medium getwid-padding-right-none getwid-padding-mobile-left-none getwid-align-items-flex-start\"><div class=\"wp-block-getwid-section__inner-wrapper\"><div class=\"wp-block-getwid-section__background-holder\"><div class=\"wp-block-getwid-section__background\"><\/div><div class=\"wp-block-getwid-section__foreground\"><\/div><\/div><div class=\"wp-block-getwid-section__content\"><div class=\"wp-block-getwid-section__inner-content\">\n<div class=\"wp-block-getwid-advanced-heading\" style=\"margin-bottom:30px;margin-top:10px\"><h2 class=\"wp-block-getwid-advanced-heading__content\">Mente &#8211; Emociones<\/h2><\/div>\n\n\n\n<p>El miedo, muchas veces aprendido desde la infancia, puede limitar nuestro potencial y moldear nuestra forma de ver el mundo. Sin embargo, al cuestionar esas creencias arraigadas, podemos transformarlo en una oportunidad de crecimiento y cambio.<\/p>\n\n\n\n<p>El miedo no es m\u00e1s que una narrativa interna, y gracias a herramientas como la neuroplasticidad y un enfoque hol\u00edstico, es posible reprogramar nuestra mente para vivir con mayor confianza y libertad. Al entender c\u00f3mo nuestras emociones, pensamientos y creencias est\u00e1n conectados, podemos superar esas barreras y construir una vida alineada con nuestro verdadero prop\u00f3sito.<\/p>\n\n\n\n<p>Atr\u00e9vete a mirar m\u00e1s all\u00e1 del miedo y redescubri el poder que siempre ha estado dentro de ti, esa versi\u00f3n de ti que siempre has querido construir es posible!<\/p>\n<\/div><\/div><\/div><\/div><\/div>\n<\/div>\n<\/div>\n<\/div><\/div><\/div><\/div><\/div>\n\n\n\n<div class=\"wp-block-getwid-section alignfull alignfull getwid-section-content-custom-width\"><div class=\"wp-block-getwid-section__wrapper getwid-padding-left-medium getwid-padding-right-medium\"><div class=\"wp-block-getwid-section__inner-wrapper\" style=\"max-width:1140px\"><div class=\"wp-block-getwid-section__background-holder\"><div class=\"wp-block-getwid-section__background\"><\/div><div class=\"wp-block-getwid-section__foreground\"><\/div><\/div><div class=\"wp-block-getwid-section__content\"><div class=\"wp-block-getwid-section__inner-content\">\n<div class=\"wp-block-columns has-2-columns are-vertically-aligned-center is-layout-flex wp-container-core-columns-is-layout-9d6595d7 wp-block-columns-is-layout-flex\">\n<div class=\"wp-block-column is-vertically-aligned-stretch is-vertically-aligned-center is-layout-flow wp-block-column-is-layout-flow\">\n<div class=\"wp-block-getwid-advanced-heading\" style=\"margin-bottom:30px;margin-top:10px\"><h2 class=\"wp-block-getwid-advanced-heading__content\">Alma &#8211; Espiritualidad<\/h2><\/div>\n\n\n\n<p>La espiritualidad suele asociarse con la religi\u00f3n o con conceptos abstractos dif\u00edciles de alcanzar. Sin embargo, es mucho m\u00e1s amplia y profundamente personal, representando algo \u00fanico para cada persona.<\/p>\n\n\n\n<p>La espiritualidad se trata de conexi\u00f3n: con nosotros mismos, con el entorno y con el universo. Es esa gu\u00eda interna que nos invita a encontrar plenitud, prop\u00f3sito y armon\u00eda en nuestras vidas.<\/p>\n\n\n\n<p>Explorar esta conexi\u00f3n nos permite alinear nuestra vida con aquello que resuena en nuestro interior, descubriendo un camino m\u00e1s aut\u00e9ntico y significativo. La espiritualidad es, en su esencia, el camino que nos gu\u00eda hacia una vida m\u00e1s consciente y plena.<br><br><\/p>\n<\/div>\n\n\n\n<div class=\"wp-block-column is-vertically-aligned-center is-layout-flow wp-block-column-is-layout-flow\">\n<figure class=\"wp-block-image size-large is-resized\"><img loading=\"lazy\" decoding=\"async\" width=\"1280\" height=\"1708\" src=\"https:\/\/cosmicwisdomco.com\/wp-content\/uploads\/2024\/11\/CAMIW-107-copy-edited.webp\" alt=\"\" class=\"wp-image-4305\" style=\"width:484px;height:auto\" srcset=\"https:\/\/camilaholisticwellness.com\/wp-content\/uploads\/2024\/11\/CAMIW-107-copy-edited.webp 1280w, https:\/\/camilaholisticwellness.com\/wp-content\/uploads\/2024\/11\/CAMIW-107-copy-edited-225x300.webp 225w, https:\/\/camilaholisticwellness.com\/wp-content\/uploads\/2024\/11\/CAMIW-107-copy-edited-767x1024.webp 767w, https:\/\/camilaholisticwellness.com\/wp-content\/uploads\/2024\/11\/CAMIW-107-copy-edited-768x1025.webp 768w, https:\/\/camilaholisticwellness.com\/wp-content\/uploads\/2024\/11\/CAMIW-107-copy-edited-1151x1536.webp 1151w, https:\/\/camilaholisticwellness.com\/wp-content\/uploads\/2024\/11\/CAMIW-107-copy-edited-860x1148.webp 860w\" sizes=\"auto, (max-width: 1280px) 100vw, 1280px\" \/><\/figure>\n<\/div>\n<\/div>\n<\/div><\/div><\/div><\/div><\/div>","protected":false},"excerpt":{"rendered":"","protected":false},"author":1,"featured_media":141,"parent":0,"menu_order":0,"comment_status":"closed","ping_status":"closed","template":"","meta":{"inline_featured_image":false,"footnotes":""},"class_list":["post-3968","page","type-page","status-publish","has-post-thumbnail","hentry"],"_links":{"self":[{"href":"https:\/\/camilaholisticwellness.com\/en\/wp-json\/wp\/v2\/pages\/3968","targetHints":{"allow":["GET"]}}],"collection":[{"href":"https:\/\/camilaholisticwellness.com\/en\/wp-json\/wp\/v2\/pages"}],"about":[{"href":"https:\/\/camilaholisticwellness.com\/en\/wp-json\/wp\/v2\/types\/page"}],"author":[{"embeddable":true,"href":"https:\/\/camilaholisticwellness.com\/en\/wp-json\/wp\/v2\/users\/1"}],"replies":[{"embeddable":true,"href":"https:\/\/camilaholisticwellness.com\/en\/wp-json\/wp\/v2\/comments?post=3968"}],"version-history":[{"count":13,"href":"https:\/\/camilaholisticwellness.com\/en\/wp-json\/wp\/v2\/pages\/3968\/revisions"}],"predecessor-version":[{"id":4364,"href":"https:\/\/camilaholisticwellness.com\/en\/wp-json\/wp\/v2\/pages\/3968\/revisions\/4364"}],"wp:featuredmedia":[{"embeddable":true,"href":"https:\/\/camilaholisticwellness.com\/en\/wp-json\/wp\/v2\/media\/141"}],"wp:attachment":[{"href":"https:\/\/camilaholisticwellness.com\/en\/wp-json\/wp\/v2\/media?parent=3968"}],"curies":[{"name":"wp","href":"https:\/\/api.w.org\/{rel}","templated":true}]}}