{"id":3964,"date":"2022-08-29T09:46:28","date_gmt":"2022-08-29T09:46:28","guid":{"rendered":"https:\/\/themes.getmotopress.com\/restline\/?page_id=9"},"modified":"2024-12-04T23:36:45","modified_gmt":"2024-12-05T05:36:45","slug":"about-me","status":"publish","type":"page","link":"https:\/\/camilaholisticwellness.com\/en\/about-me\/","title":{"rendered":"Sobre m\u00ed"},"content":{"rendered":"<div class=\"wp-block-getwid-section alignfull alignwide is-style-default alignfull has-inner-blocks-gap-none getwid-margin-bottom-none\"><div class=\"wp-block-getwid-section__wrapper getwid-padding-tablet-top-large getwid-padding-tablet-bottom-large getwid-padding-mobile-top-large\" style=\"padding-top:123px;padding-bottom:0px\"><div class=\"wp-block-getwid-section__inner-wrapper\"><div class=\"wp-block-getwid-section__background-holder\"><div class=\"wp-block-getwid-section__background has-background has-color-1-background-color\"><\/div><div class=\"wp-block-getwid-section__foreground\"><\/div><\/div><div class=\"wp-block-getwid-section__content\"><div class=\"wp-block-getwid-section__inner-content\">\n<div class=\"wp-block-columns alignfull is-layout-flex wp-container-core-columns-is-layout-9d6595d7 wp-block-columns-is-layout-flex\">\n<div class=\"wp-block-column is-layout-flow wp-block-column-is-layout-flow\" style=\"flex-basis:40%\">\n<figure class=\"wp-block-image size-full is-resized is-style-top-rounded\"><img loading=\"lazy\" decoding=\"async\" width=\"1280\" height=\"1920\" src=\"https:\/\/cosmicwisdomco.com\/wp-content\/uploads\/2024\/10\/CAMIW-78-copy.webp\" alt=\"\" class=\"wp-image-20\" style=\"width:529px;height:auto\" srcset=\"https:\/\/camilaholisticwellness.com\/wp-content\/uploads\/2024\/10\/CAMIW-78-copy.webp 1280w, https:\/\/camilaholisticwellness.com\/wp-content\/uploads\/2024\/10\/CAMIW-78-copy-860x1290.webp 860w, https:\/\/camilaholisticwellness.com\/wp-content\/uploads\/2024\/10\/CAMIW-78-copy-200x300.webp 200w, https:\/\/camilaholisticwellness.com\/wp-content\/uploads\/2024\/10\/CAMIW-78-copy-683x1024.webp 683w, https:\/\/camilaholisticwellness.com\/wp-content\/uploads\/2024\/10\/CAMIW-78-copy-768x1152.webp 768w, https:\/\/camilaholisticwellness.com\/wp-content\/uploads\/2024\/10\/CAMIW-78-copy-1024x1536.webp 1024w\" sizes=\"auto, (max-width: 1280px) 100vw, 1280px\" \/><\/figure>\n\n\n\n<p><\/p>\n\n\n\n<p class=\"has-text-align-left has-color-8-color has-text-color has-link-color wp-elements-7b4ba3a3da155ef333d605f9bcb2efe8\" style=\"font-size:19px\">Desde peque\u00f1a, siempre sent\u00ed una conexi\u00f3n especial con la cocina y la alimentaci\u00f3n. Lo que comenz\u00f3 como una fascinaci\u00f3n por nutrir el cuerpo, pronto se transform\u00f3 en una b\u00fasqueda m\u00e1s profunda: entender c\u00f3mo la comida puede influir en nuestra mente, nuestras emociones y nuestra alma. Esta curiosidad me llev\u00f3 a explorar la nutrici\u00f3n consciente y a descubrir el impacto integral que tiene en nuestro bienestar.<\/p>\n\n\n\n<p class=\"has-color-8-color has-text-color has-link-color wp-elements-22388dbf2ae757720ba1087788dbf0f0\">Al sumergirme en la perspectiva hol\u00edstica, encontr\u00e9 las piezas que completaron mi propio camino hacia el equilibrio y la plenitud. Esto me inspir\u00f3 a certificarme como Coach Hol\u00edstica, con el prop\u00f3sito de compartir este conocimiento con otros. Hoy, mi misi\u00f3n es guiar a las personas hacia un su mejor versi\u00f3n , ayud\u00e1ndolas a conectar con su esencia y transformar su vida desde un lugar de consciencia y prop\u00f3sito.<\/p>\n\n\n\n<p class=\"has-text-align-left has-color-8-color has-text-color has-link-color wp-elements-0c46f481c6947ebc7ef3ff6fc921b795\" style=\"font-size:19px\"><\/p>\n<\/div>\n\n\n\n<div class=\"wp-block-column is-vertically-aligned-center is-layout-flow wp-block-column-is-layout-flow\" style=\"flex-basis:50%\">\n<h1 class=\"wp-block-heading has-color-4-color has-text-color\">Sobre m\u00ed<\/h1>\n\n\n\n<div class=\"wp-block-getwid-section alignwide alignfull alignfull getwid-section-content-custom-width\"><div class=\"wp-block-getwid-section__wrapper getwid-padding-top-none getwid-padding-left-none getwid-padding-right-none getwid-padding-tablet-left-none getwid-padding-tablet-right-none getwid-padding-mobile-right-none getwid-justify-content-flex-start\" style=\"padding-bottom:7px\"><div class=\"wp-block-getwid-section__inner-wrapper\" style=\"max-width:450px\"><div class=\"wp-block-getwid-section__background-holder\"><div class=\"wp-block-getwid-section__background\"><\/div><div class=\"wp-block-getwid-section__foreground\"><\/div><\/div><div class=\"wp-block-getwid-section__content\"><div class=\"wp-block-getwid-section__inner-content\">\n<div class=\"wp-block-group is-vertical is-layout-flex wp-container-core-group-is-layout-8cf370e7 wp-block-group-is-layout-flex\">\n<p class=\"has-text-align-left has-color-8-color has-text-color has-medium-font-size\">Nac\u00ed y crec\u00ed en El Salvador, pero tuve la oportunidad de vivir la mayoria de mi vida en ciudades como San Francisco, Nueva York y Madrid. Esta experiencia internacional me permiti\u00f3 desarrollarme profesionalmente en el \u00e1mbito de los negocios, pero tambi\u00e9n me ofreci\u00f3 una valiosa oportunidad de crecimiento personal. A pesar de los logros alcanzados en mi carrera, siempre sent\u00ed la necesidad de profundizar en mi ser, de encontrar un prop\u00f3sito m\u00e1s profundo en la vida, entender c\u00f3mo superar mis propias limitaciones mentales y desafiar mis creencias.<\/p>\n\n\n\n<p class=\"has-color-8-color has-text-color has-medium-font-size\">A lo largo de mi vida, he buscado constantemente maneras de mejorar mi relaci\u00f3n conmigo misma y con el mundo que me rodea. Esta curiosidad me llev\u00f3 a descubrir el enfoque hol\u00edstico  &#8211; cuerpo, mente y alma, \u00e1reas que resonaron profundamente conmigo.<\/p>\n<\/div>\n\n\n\n<figure class=\"wp-block-image size-large\"><img loading=\"lazy\" decoding=\"async\" width=\"683\" height=\"1024\" src=\"https:\/\/cosmicwisdomco.com\/wp-content\/uploads\/2024\/11\/CAMIW-54-copy-683x1024.jpg\" alt=\"\" class=\"wp-image-4294\" srcset=\"https:\/\/camilaholisticwellness.com\/wp-content\/uploads\/2024\/11\/CAMIW-54-copy-683x1024.jpg 683w, https:\/\/camilaholisticwellness.com\/wp-content\/uploads\/2024\/11\/CAMIW-54-copy-200x300.jpg 200w, https:\/\/camilaholisticwellness.com\/wp-content\/uploads\/2024\/11\/CAMIW-54-copy-768x1152.jpg 768w, https:\/\/camilaholisticwellness.com\/wp-content\/uploads\/2024\/11\/CAMIW-54-copy-1024x1536.jpg 1024w, https:\/\/camilaholisticwellness.com\/wp-content\/uploads\/2024\/11\/CAMIW-54-copy-1365x2048.jpg 1365w, https:\/\/camilaholisticwellness.com\/wp-content\/uploads\/2024\/11\/CAMIW-54-copy-1920x2880.jpg 1920w, https:\/\/camilaholisticwellness.com\/wp-content\/uploads\/2024\/11\/CAMIW-54-copy-860x1290.jpg 860w, https:\/\/camilaholisticwellness.com\/wp-content\/uploads\/2024\/11\/CAMIW-54-copy-scaled.jpg 1707w\" sizes=\"auto, (max-width: 683px) 100vw, 683px\" \/><\/figure>\n<\/div><\/div><\/div><\/div><\/div>\n<\/div>\n<\/div>\n\n\n\n<p class=\"has--font-size has-color-8-color has-text-color has-link-color wp-elements-78b62b2d985df5601126057c93028d05\"><\/p>\n<\/div><\/div><\/div><\/div><\/div>","protected":false},"excerpt":{"rendered":"","protected":false},"author":1,"featured_media":0,"parent":0,"menu_order":0,"comment_status":"closed","ping_status":"closed","template":"template-canvas-page.php","meta":{"inline_featured_image":false,"footnotes":"[]"},"class_list":["post-3964","page","type-page","status-publish","hentry"],"_links":{"self":[{"href":"https:\/\/camilaholisticwellness.com\/en\/wp-json\/wp\/v2\/pages\/3964","targetHints":{"allow":["GET"]}}],"collection":[{"href":"https:\/\/camilaholisticwellness.com\/en\/wp-json\/wp\/v2\/pages"}],"about":[{"href":"https:\/\/camilaholisticwellness.com\/en\/wp-json\/wp\/v2\/types\/page"}],"author":[{"embeddable":true,"href":"https:\/\/camilaholisticwellness.com\/en\/wp-json\/wp\/v2\/users\/1"}],"replies":[{"embeddable":true,"href":"https:\/\/camilaholisticwellness.com\/en\/wp-json\/wp\/v2\/comments?post=3964"}],"version-history":[{"count":49,"href":"https:\/\/camilaholisticwellness.com\/en\/wp-json\/wp\/v2\/pages\/3964\/revisions"}],"predecessor-version":[{"id":4376,"href":"https:\/\/camilaholisticwellness.com\/en\/wp-json\/wp\/v2\/pages\/3964\/revisions\/4376"}],"wp:attachment":[{"href":"https:\/\/camilaholisticwellness.com\/en\/wp-json\/wp\/v2\/media?parent=3964"}],"curies":[{"name":"wp","href":"https:\/\/api.w.org\/{rel}","templated":true}]}}